{"id":176,"date":"2020-11-21T12:38:47","date_gmt":"2020-11-21T11:38:47","guid":{"rendered":"https:\/\/support.wspa.pl\/?page_id=176"},"modified":"2021-01-06T12:11:12","modified_gmt":"2021-01-06T11:11:12","slug":"learning-as-part-of-professional-and-social-life","status":"publish","type":"page","link":"https:\/\/support.wspa.pl\/index.php\/course-1\/learning-as-part-of-professional-and-social-life\/","title":{"rendered":"Learning as part of professional and social life"},"content":{"rendered":"\n<figure class=\"wp-block-embed-youtube wp-block-embed is-type-video is-provider-youtube wp-embed-aspect-16-9 wp-has-aspect-ratio\"><div class=\"wp-block-embed__wrapper\">\n<iframe loading=\"lazy\" title=\"M1T2\" width=\"580\" height=\"326\" src=\"https:\/\/www.youtube.com\/embed\/yUoed-_GBwM?feature=oembed\" frameborder=\"0\" allow=\"accelerometer; autoplay; clipboard-write; encrypted-media; gyroscope; picture-in-picture; web-share\" referrerpolicy=\"strict-origin-when-cross-origin\" allowfullscreen><\/iframe>\n<\/div><\/figure>\n\n\n\n<div class=\"wp-block-file\"><a href=\"https:\/\/support.wspa.pl\/wp-content\/uploads\/2020\/11\/23.T2.-Uczenie-si\u0119-przez-ca\u0142e-\u017cycie-forum_done.docx\">Reading Material<br><\/a><a href=\"https:\/\/support.wspa.pl\/wp-content\/uploads\/2020\/11\/23.T2.-Uczenie-si\u0119-przez-ca\u0142e-\u017cycie-forum_done.docx\" class=\"wp-block-file__button\" download>download<\/a><\/div>\n\n\n\n<div class=\"wp-block-file\"><a href=\"https:\/\/support.wspa.pl\/wp-content\/uploads\/2020\/11\/4.T2.-Uczenie-si\u0119-przez-ca\u0142e-\u017cycie-Prezentacja-done.odp\">Presentation<br><\/a><a href=\"https:\/\/support.wspa.pl\/wp-content\/uploads\/2020\/11\/4.T2.-Uczenie-si\u0119-przez-ca\u0142e-\u017cycie-Prezentacja-done.odp\" class=\"wp-block-file__button\" download>download<\/a><\/div>\n\n\n\n<div class=\"wp-block-file\"><a href=\"https:\/\/support.wspa.pl\/wp-content\/uploads\/2020\/11\/56.A.T2.-Scenariusz-Warsztatu-Uczenie-si\u0119-przez-ca\u0142e-\u017cycie_done.docx\">Workshop scenario<br><\/a><a href=\"https:\/\/support.wspa.pl\/wp-content\/uploads\/2020\/11\/56.A.T2.-Scenariusz-Warsztatu-Uczenie-si\u0119-przez-ca\u0142e-\u017cycie_done.docx\" class=\"wp-block-file__button\" download>download<\/a><\/div>\n\n\n\n<div class=\"wp-block-file\"><a href=\"https:\/\/support.wspa.pl\/wp-content\/uploads\/2020\/11\/56.B.T2.-Uczenie-si\u0119-przez-ca\u0142e-\u017cycie-\u2013-materia\u0142y-warsztatowe_done.docx\">Workshop materials<br><\/a><a href=\"https:\/\/support.wspa.pl\/wp-content\/uploads\/2020\/11\/56.B.T2.-Uczenie-si\u0119-przez-ca\u0142e-\u017cycie-\u2013-materia\u0142y-warsztatowe_done.docx\" class=\"wp-block-file__button\" download>download<\/a><\/div>\n\n\n\n<div class=\"wp-block-file\"><a href=\"https:\/\/support.wspa.pl\/wp-content\/uploads\/2020\/11\/7.T2.-Quiz_done.docx\">Quiz<br><\/a><a href=\"https:\/\/support.wspa.pl\/wp-content\/uploads\/2020\/11\/7.T2.-Quiz_done.docx\" class=\"wp-block-file__button\" download>download<\/a><\/div>\n\n\n\n<div class=\"wp-block-file\"><a href=\"https:\/\/support.wspa.pl\/wp-content\/uploads\/2020\/11\/T2.-Test-na-preferowane-style-uczenia-si\u0119-za\u0142\u0105cznik-1_done.docx\">Appendixes<br><\/a><a href=\"https:\/\/support.wspa.pl\/wp-content\/uploads\/2020\/11\/T2.-Test-na-preferowane-style-uczenia-si\u0119-za\u0142\u0105cznik-1_done.docx\" class=\"wp-block-file__button\" download>download<\/a><\/div>\n\n\n\n<p><\/p>\n","protected":false},"excerpt":{"rendered":"","protected":false},"author":1,"featured_media":0,"parent":66,"menu_order":0,"comment_status":"closed","ping_status":"closed","template":"","meta":{"footnotes":""},"_links":{"self":[{"href":"https:\/\/support.wspa.pl\/index.php\/wp-json\/wp\/v2\/pages\/176"}],"collection":[{"href":"https:\/\/support.wspa.pl\/index.php\/wp-json\/wp\/v2\/pages"}],"about":[{"href":"https:\/\/support.wspa.pl\/index.php\/wp-json\/wp\/v2\/types\/page"}],"author":[{"embeddable":true,"href":"https:\/\/support.wspa.pl\/index.php\/wp-json\/wp\/v2\/users\/1"}],"replies":[{"embeddable":true,"href":"https:\/\/support.wspa.pl\/index.php\/wp-json\/wp\/v2\/comments?post=176"}],"version-history":[{"count":2,"href":"https:\/\/support.wspa.pl\/index.php\/wp-json\/wp\/v2\/pages\/176\/revisions"}],"predecessor-version":[{"id":466,"href":"https:\/\/support.wspa.pl\/index.php\/wp-json\/wp\/v2\/pages\/176\/revisions\/466"}],"up":[{"embeddable":true,"href":"https:\/\/support.wspa.pl\/index.php\/wp-json\/wp\/v2\/pages\/66"}],"wp:attachment":[{"href":"https:\/\/support.wspa.pl\/index.php\/wp-json\/wp\/v2\/media?parent=176"}],"curies":[{"name":"wp","href":"https:\/\/api.w.org\/{rel}","templated":true}]}}