{"id":186,"date":"2020-11-21T12:42:35","date_gmt":"2020-11-21T11:42:35","guid":{"rendered":"https:\/\/support.wspa.pl\/?page_id=186"},"modified":"2021-01-06T12:11:48","modified_gmt":"2021-01-06T11:11:48","slug":"the-ability-to-learn-as-a-factor-of-professional-success","status":"publish","type":"page","link":"https:\/\/support.wspa.pl\/index.php\/course-1\/the-ability-to-learn-as-a-factor-of-professional-success\/","title":{"rendered":"The ability to learn as a factor of professional success"},"content":{"rendered":"\n<figure class=\"wp-block-embed-youtube wp-block-embed is-type-video is-provider-youtube wp-embed-aspect-16-9 wp-has-aspect-ratio\"><div class=\"wp-block-embed__wrapper\">\n<iframe loading=\"lazy\" title=\"M1T3\" width=\"580\" height=\"326\" src=\"https:\/\/www.youtube.com\/embed\/tx3574iRcVs?feature=oembed\" frameborder=\"0\" allow=\"accelerometer; autoplay; clipboard-write; encrypted-media; gyroscope; picture-in-picture; web-share\" referrerpolicy=\"strict-origin-when-cross-origin\" allowfullscreen><\/iframe>\n<\/div><\/figure>\n\n\n\n<div class=\"wp-block-file\"><a href=\"https:\/\/support.wspa.pl\/wp-content\/uploads\/2020\/11\/2.-M1T323-film-forum-done.docx\">Reading Material<br><\/a><a href=\"https:\/\/support.wspa.pl\/wp-content\/uploads\/2020\/11\/2.-M1T323-film-forum-done.docx\" class=\"wp-block-file__button\" download>download<\/a><\/div>\n\n\n\n<div class=\"wp-block-file\"><a href=\"https:\/\/support.wspa.pl\/wp-content\/uploads\/2020\/11\/4.-T3.-Umiej\u0119tno\u015b\u0107-uczenia-si\u0119-jako-czynnik-sukcesu-zawodowego-Prezentacja-done.odp\">Presentation<br><\/a><a href=\"https:\/\/support.wspa.pl\/wp-content\/uploads\/2020\/11\/4.-T3.-Umiej\u0119tno\u015b\u0107-uczenia-si\u0119-jako-czynnik-sukcesu-zawodowego-Prezentacja-done.odp\" class=\"wp-block-file__button\" download>download<\/a><\/div>\n\n\n\n<div class=\"wp-block-file\"><a href=\"https:\/\/support.wspa.pl\/wp-content\/uploads\/2020\/11\/5.-T3.-Scenariusz-Warsztatu-Umiej\u0119tno\u015b\u0107-uczenia-si\u0119-jako-czynnik-sukcesu-zawodowego-done.docx\">Workshop Scenario<br><\/a><a href=\"https:\/\/support.wspa.pl\/wp-content\/uploads\/2020\/11\/5.-T3.-Scenariusz-Warsztatu-Umiej\u0119tno\u015b\u0107-uczenia-si\u0119-jako-czynnik-sukcesu-zawodowego-done.docx\" class=\"wp-block-file__button\" download>download<\/a><\/div>\n\n\n\n<div class=\"wp-block-file\"><a href=\"https:\/\/support.wspa.pl\/wp-content\/uploads\/2020\/11\/6.-T3.-Umiej\u0119tno\u015b\u0107-uczenia-si\u0119-jako-czynnik-sukcesu-zawodowego-\u2013-materia\u0142y-warsztatowe-done.docx\">Wrokshop Materials<br><\/a><a href=\"https:\/\/support.wspa.pl\/wp-content\/uploads\/2020\/11\/6.-T3.-Umiej\u0119tno\u015b\u0107-uczenia-si\u0119-jako-czynnik-sukcesu-zawodowego-\u2013-materia\u0142y-warsztatowe-done.docx\" class=\"wp-block-file__button\" download>download<\/a><\/div>\n\n\n\n<div class=\"wp-block-file\"><a href=\"https:\/\/support.wspa.pl\/wp-content\/uploads\/2020\/11\/7.-T3.-Quiz-done.docx\">Quiz<br><\/a><a href=\"https:\/\/support.wspa.pl\/wp-content\/uploads\/2020\/11\/7.-T3.-Quiz-done.docx\" class=\"wp-block-file__button\" download>download<\/a><\/div>\n\n\n\n<p><\/p>\n","protected":false},"excerpt":{"rendered":"","protected":false},"author":1,"featured_media":0,"parent":66,"menu_order":0,"comment_status":"closed","ping_status":"closed","template":"","meta":{"footnotes":""},"_links":{"self":[{"href":"https:\/\/support.wspa.pl\/index.php\/wp-json\/wp\/v2\/pages\/186"}],"collection":[{"href":"https:\/\/support.wspa.pl\/index.php\/wp-json\/wp\/v2\/pages"}],"about":[{"href":"https:\/\/support.wspa.pl\/index.php\/wp-json\/wp\/v2\/types\/page"}],"author":[{"embeddable":true,"href":"https:\/\/support.wspa.pl\/index.php\/wp-json\/wp\/v2\/users\/1"}],"replies":[{"embeddable":true,"href":"https:\/\/support.wspa.pl\/index.php\/wp-json\/wp\/v2\/comments?post=186"}],"version-history":[{"count":2,"href":"https:\/\/support.wspa.pl\/index.php\/wp-json\/wp\/v2\/pages\/186\/revisions"}],"predecessor-version":[{"id":467,"href":"https:\/\/support.wspa.pl\/index.php\/wp-json\/wp\/v2\/pages\/186\/revisions\/467"}],"up":[{"embeddable":true,"href":"https:\/\/support.wspa.pl\/index.php\/wp-json\/wp\/v2\/pages\/66"}],"wp:attachment":[{"href":"https:\/\/support.wspa.pl\/index.php\/wp-json\/wp\/v2\/media?parent=186"}],"curies":[{"name":"wp","href":"https:\/\/api.w.org\/{rel}","templated":true}]}}