{"id":247,"date":"2020-11-21T16:02:30","date_gmt":"2020-11-21T15:02:30","guid":{"rendered":"https:\/\/support.wspa.pl\/?page_id=247"},"modified":"2020-11-21T16:02:48","modified_gmt":"2020-11-21T15:02:48","slug":"educational-project-description-and-elements","status":"publish","type":"page","link":"https:\/\/support.wspa.pl\/index.php\/course-1\/educational-project-description-and-elements\/","title":{"rendered":"Educational project &#8211; description and elements"},"content":{"rendered":"\n<figure class=\"wp-block-embed-youtube wp-block-embed is-type-video is-provider-youtube wp-embed-aspect-16-9 wp-has-aspect-ratio\"><div class=\"wp-block-embed__wrapper\">\n<iframe loading=\"lazy\" title=\"M4T1\" width=\"580\" height=\"326\" src=\"https:\/\/www.youtube.com\/embed\/lUco0F9WhOY?feature=oembed\" frameborder=\"0\" allow=\"accelerometer; autoplay; clipboard-write; encrypted-media; gyroscope; picture-in-picture; web-share\" referrerpolicy=\"strict-origin-when-cross-origin\" allowfullscreen><\/iframe>\n<\/div><\/figure>\n\n\n\n<div class=\"wp-block-file\"><a href=\"https:\/\/support.wspa.pl\/wp-content\/uploads\/2020\/11\/M4T123-film-forum-done.docx\">Reading Material<br><\/a><a href=\"https:\/\/support.wspa.pl\/wp-content\/uploads\/2020\/11\/M4T123-film-forum-done.docx\" class=\"wp-block-file__button\" download>DOWNLOAD<\/a><\/div>\n\n\n\n<div class=\"wp-block-file\"><a href=\"https:\/\/support.wspa.pl\/wp-content\/uploads\/2020\/11\/M4T14-Prezentacja-done.odp\">Presentation<br><\/a><a href=\"https:\/\/support.wspa.pl\/wp-content\/uploads\/2020\/11\/M4T14-Prezentacja-done.odp\" class=\"wp-block-file__button\" download>DOWNLOAD<\/a><\/div>\n\n\n\n<div class=\"wp-block-file\"><a href=\"https:\/\/support.wspa.pl\/wp-content\/uploads\/2020\/11\/M4T15-Scenariusz-Warsztatu-done.docx\">Workshop Scenario<br><\/a><a href=\"https:\/\/support.wspa.pl\/wp-content\/uploads\/2020\/11\/M4T15-Scenariusz-Warsztatu-done.docx\" class=\"wp-block-file__button\" download>DOWNLOAD<\/a><\/div>\n\n\n\n<div class=\"wp-block-file\"><a href=\"https:\/\/support.wspa.pl\/wp-content\/uploads\/2020\/11\/M4T16-Materia\u0142y-warsztatowe-done.docx\">Workshop Materials<br><\/a><a href=\"https:\/\/support.wspa.pl\/wp-content\/uploads\/2020\/11\/M4T16-Materia\u0142y-warsztatowe-done.docx\" class=\"wp-block-file__button\" download>DOWNLOAD<\/a><\/div>\n\n\n\n<div class=\"wp-block-file\"><a href=\"https:\/\/support.wspa.pl\/wp-content\/uploads\/2020\/11\/M4T16A-Materia\u0142y-warsztatowe-za\u0142\u0105cznik-1-done.docx\">Workshop Materials (ad1)<br><\/a><a href=\"https:\/\/support.wspa.pl\/wp-content\/uploads\/2020\/11\/M4T16A-Materia\u0142y-warsztatowe-za\u0142\u0105cznik-1-done.docx\" class=\"wp-block-file__button\" download>DOWNLOAD<\/a><\/div>\n\n\n\n<div class=\"wp-block-file\"><a href=\"https:\/\/support.wspa.pl\/wp-content\/uploads\/2020\/11\/M4T16A-Materia\u0142y-warsztatowe-za\u0142\u0105cznik-2-done.docx\">Workshop Materials (ad2)<br><\/a><a href=\"https:\/\/support.wspa.pl\/wp-content\/uploads\/2020\/11\/M4T16A-Materia\u0142y-warsztatowe-za\u0142\u0105cznik-2-done.docx\" class=\"wp-block-file__button\" download>DOWNLOAD<\/a><\/div>\n\n\n\n<div class=\"wp-block-file\"><a href=\"https:\/\/support.wspa.pl\/wp-content\/uploads\/2020\/11\/M4T17-Quiz-done.docx\">Quiz<\/a><a href=\"https:\/\/support.wspa.pl\/wp-content\/uploads\/2020\/11\/M4T17-Quiz-done.docx\" class=\"wp-block-file__button\" download>DOWNLOAD<\/a><\/div>\n\n\n\n<p><\/p>\n","protected":false},"excerpt":{"rendered":"","protected":false},"author":1,"featured_media":0,"parent":66,"menu_order":0,"comment_status":"closed","ping_status":"closed","template":"","meta":{"footnotes":""},"_links":{"self":[{"href":"https:\/\/support.wspa.pl\/index.php\/wp-json\/wp\/v2\/pages\/247"}],"collection":[{"href":"https:\/\/support.wspa.pl\/index.php\/wp-json\/wp\/v2\/pages"}],"about":[{"href":"https:\/\/support.wspa.pl\/index.php\/wp-json\/wp\/v2\/types\/page"}],"author":[{"embeddable":true,"href":"https:\/\/support.wspa.pl\/index.php\/wp-json\/wp\/v2\/users\/1"}],"replies":[{"embeddable":true,"href":"https:\/\/support.wspa.pl\/index.php\/wp-json\/wp\/v2\/comments?post=247"}],"version-history":[{"count":2,"href":"https:\/\/support.wspa.pl\/index.php\/wp-json\/wp\/v2\/pages\/247\/revisions"}],"predecessor-version":[{"id":256,"href":"https:\/\/support.wspa.pl\/index.php\/wp-json\/wp\/v2\/pages\/247\/revisions\/256"}],"up":[{"embeddable":true,"href":"https:\/\/support.wspa.pl\/index.php\/wp-json\/wp\/v2\/pages\/66"}],"wp:attachment":[{"href":"https:\/\/support.wspa.pl\/index.php\/wp-json\/wp\/v2\/media?parent=247"}],"curies":[{"name":"wp","href":"https:\/\/api.w.org\/{rel}","templated":true}]}}