{"id":264,"date":"2020-11-21T16:09:42","date_gmt":"2020-11-21T15:09:42","guid":{"rendered":"https:\/\/support.wspa.pl\/?page_id=264"},"modified":"2020-11-21T16:09:42","modified_gmt":"2020-11-21T15:09:42","slug":"communication-and-its-role-in-educational-project","status":"publish","type":"page","link":"https:\/\/support.wspa.pl\/index.php\/course-1\/communication-and-its-role-in-educational-project\/","title":{"rendered":"Communication and its role in educational project"},"content":{"rendered":"\n<figure class=\"wp-block-embed-youtube wp-block-embed is-type-video is-provider-youtube wp-embed-aspect-16-9 wp-has-aspect-ratio\"><div class=\"wp-block-embed__wrapper\">\n<iframe loading=\"lazy\" title=\"M4T3\" width=\"580\" height=\"326\" src=\"https:\/\/www.youtube.com\/embed\/m3oUDnwxlmI?feature=oembed\" frameborder=\"0\" allow=\"accelerometer; autoplay; clipboard-write; encrypted-media; gyroscope; picture-in-picture; web-share\" referrerpolicy=\"strict-origin-when-cross-origin\" allowfullscreen><\/iframe>\n<\/div><\/figure>\n\n\n\n<div class=\"wp-block-file\"><a href=\"https:\/\/support.wspa.pl\/wp-content\/uploads\/2020\/11\/M4T323-film-forum-DONE.docx\">Reading Material<br><\/a><a href=\"https:\/\/support.wspa.pl\/wp-content\/uploads\/2020\/11\/M4T323-film-forum-DONE.docx\" class=\"wp-block-file__button\" download>DOWNLOAD<\/a><\/div>\n\n\n\n<div class=\"wp-block-file\"><a href=\"https:\/\/support.wspa.pl\/wp-content\/uploads\/2020\/11\/M4T34-Prezentacja-DONE.odp\">Presentation<br><\/a><a href=\"https:\/\/support.wspa.pl\/wp-content\/uploads\/2020\/11\/M4T34-Prezentacja-DONE.odp\" class=\"wp-block-file__button\" download>DOWNLOAD<\/a><\/div>\n\n\n\n<div class=\"wp-block-file\"><a href=\"https:\/\/support.wspa.pl\/wp-content\/uploads\/2020\/11\/M4T35-Scenariusz-Warsztatu-DONE.docx\">Workshop Scenario<br><\/a><a href=\"https:\/\/support.wspa.pl\/wp-content\/uploads\/2020\/11\/M4T35-Scenariusz-Warsztatu-DONE.docx\" class=\"wp-block-file__button\" download>DOWNLOAD<\/a><\/div>\n\n\n\n<div class=\"wp-block-file\"><a href=\"https:\/\/support.wspa.pl\/wp-content\/uploads\/2020\/11\/M4T36-Materia\u0142y-warsztatowe-done.docx\">Workshop Materials<br><\/a><a href=\"https:\/\/support.wspa.pl\/wp-content\/uploads\/2020\/11\/M4T36-Materia\u0142y-warsztatowe-done.docx\" class=\"wp-block-file__button\" download>DOWNLOAD<\/a><\/div>\n\n\n\n<div class=\"wp-block-file\"><a href=\"https:\/\/support.wspa.pl\/wp-content\/uploads\/2020\/11\/M4T36A-Materia\u0142y-warsztatowe-za\u0142\u0105cznik-3-done.docx\">Workshop Materials (ad1)<br><\/a><a href=\"https:\/\/support.wspa.pl\/wp-content\/uploads\/2020\/11\/M4T36A-Materia\u0142y-warsztatowe-za\u0142\u0105cznik-3-done.docx\" class=\"wp-block-file__button\" download>DOWNLOAD<\/a><\/div>\n\n\n\n<div class=\"wp-block-file\"><a href=\"https:\/\/support.wspa.pl\/wp-content\/uploads\/2020\/11\/M4T36A-Materia\u0142y-warsztatowe-za\u0142\u0105cznik-4-done.docx\">Wrokshop Materials (ad2)<br><\/a><a href=\"https:\/\/support.wspa.pl\/wp-content\/uploads\/2020\/11\/M4T36A-Materia\u0142y-warsztatowe-za\u0142\u0105cznik-4-done.docx\" class=\"wp-block-file__button\" download>DOWNLOAD<\/a><\/div>\n\n\n\n<div class=\"wp-block-file\"><a href=\"https:\/\/support.wspa.pl\/wp-content\/uploads\/2020\/11\/M4T36A-Materia\u0142y-warsztatowe-za\u0142\u0105cznik-5-done.docx\">Workshop Materials (ad3)<br><\/a><a href=\"https:\/\/support.wspa.pl\/wp-content\/uploads\/2020\/11\/M4T36A-Materia\u0142y-warsztatowe-za\u0142\u0105cznik-5-done.docx\" class=\"wp-block-file__button\" download>DOWNLOAD<\/a><\/div>\n\n\n\n<div class=\"wp-block-file\"><a href=\"https:\/\/support.wspa.pl\/wp-content\/uploads\/2020\/11\/M4T36A-Test_na_role_grupowe-za\u0142\u0105cznik-2-done.pdf\">Workshop Materials (ad4)<br><\/a><a href=\"https:\/\/support.wspa.pl\/wp-content\/uploads\/2020\/11\/M4T36A-Test_na_role_grupowe-za\u0142\u0105cznik-2-done.pdf\" class=\"wp-block-file__button\" download>DOWNLOAD<\/a><\/div>\n\n\n\n<div class=\"wp-block-file\"><a href=\"https:\/\/support.wspa.pl\/wp-content\/uploads\/2020\/11\/M4T37-Quiz-DONE.docx\">Quiz<br><\/a><a href=\"https:\/\/support.wspa.pl\/wp-content\/uploads\/2020\/11\/M4T37-Quiz-DONE.docx\" class=\"wp-block-file__button\" download>DOWNLOAD<\/a><\/div>\n\n\n\n<p><\/p>\n","protected":false},"excerpt":{"rendered":"","protected":false},"author":1,"featured_media":0,"parent":66,"menu_order":0,"comment_status":"closed","ping_status":"closed","template":"","meta":{"footnotes":""},"_links":{"self":[{"href":"https:\/\/support.wspa.pl\/index.php\/wp-json\/wp\/v2\/pages\/264"}],"collection":[{"href":"https:\/\/support.wspa.pl\/index.php\/wp-json\/wp\/v2\/pages"}],"about":[{"href":"https:\/\/support.wspa.pl\/index.php\/wp-json\/wp\/v2\/types\/page"}],"author":[{"embeddable":true,"href":"https:\/\/support.wspa.pl\/index.php\/wp-json\/wp\/v2\/users\/1"}],"replies":[{"embeddable":true,"href":"https:\/\/support.wspa.pl\/index.php\/wp-json\/wp\/v2\/comments?post=264"}],"version-history":[{"count":1,"href":"https:\/\/support.wspa.pl\/index.php\/wp-json\/wp\/v2\/pages\/264\/revisions"}],"predecessor-version":[{"id":274,"href":"https:\/\/support.wspa.pl\/index.php\/wp-json\/wp\/v2\/pages\/264\/revisions\/274"}],"up":[{"embeddable":true,"href":"https:\/\/support.wspa.pl\/index.php\/wp-json\/wp\/v2\/pages\/66"}],"wp:attachment":[{"href":"https:\/\/support.wspa.pl\/index.php\/wp-json\/wp\/v2\/media?parent=264"}],"curies":[{"name":"wp","href":"https:\/\/api.w.org\/{rel}","templated":true}]}}