{"id":275,"date":"2020-11-21T16:13:29","date_gmt":"2020-11-21T15:13:29","guid":{"rendered":"https:\/\/support.wspa.pl\/?page_id=275"},"modified":"2020-11-21T16:13:29","modified_gmt":"2020-11-21T15:13:29","slug":"formative-assessment-and-its-essence-in-the-teaching-process","status":"publish","type":"page","link":"https:\/\/support.wspa.pl\/index.php\/course-1\/formative-assessment-and-its-essence-in-the-teaching-process\/","title":{"rendered":"Formative assessment and its essence in the teaching process"},"content":{"rendered":"\n<figure class=\"wp-block-embed-youtube wp-block-embed is-type-video is-provider-youtube wp-embed-aspect-16-9 wp-has-aspect-ratio\"><div class=\"wp-block-embed__wrapper\">\n<iframe loading=\"lazy\" title=\"M5T1\" width=\"580\" height=\"326\" src=\"https:\/\/www.youtube.com\/embed\/XvTTvFCpC3c?feature=oembed\" frameborder=\"0\" allow=\"accelerometer; autoplay; clipboard-write; encrypted-media; gyroscope; picture-in-picture; web-share\" referrerpolicy=\"strict-origin-when-cross-origin\" allowfullscreen><\/iframe>\n<\/div><\/figure>\n\n\n\n<div class=\"wp-block-file\"><a href=\"https:\/\/support.wspa.pl\/wp-content\/uploads\/2020\/11\/M5T123-film-forum-done.docx\">Reading Material<br><\/a><a href=\"https:\/\/support.wspa.pl\/wp-content\/uploads\/2020\/11\/M5T123-film-forum-done.docx\" class=\"wp-block-file__button\" download>DOWNLOAD<\/a><\/div>\n\n\n\n<div class=\"wp-block-file\"><a href=\"https:\/\/support.wspa.pl\/wp-content\/uploads\/2020\/11\/M5T14-Prezentacja-done.odp\">Presentation<br><\/a><a href=\"https:\/\/support.wspa.pl\/wp-content\/uploads\/2020\/11\/M5T14-Prezentacja-done.odp\" class=\"wp-block-file__button\" download>DOWNLOAD<\/a><\/div>\n\n\n\n<div class=\"wp-block-file\"><a href=\"https:\/\/support.wspa.pl\/wp-content\/uploads\/2020\/11\/M5T15-Scenariusz-Warsztatu-done.docx\">Workshop Scenario<br><\/a><a href=\"https:\/\/support.wspa.pl\/wp-content\/uploads\/2020\/11\/M5T15-Scenariusz-Warsztatu-done.docx\" class=\"wp-block-file__button\" download>DOWNLOAD<\/a><\/div>\n\n\n\n<div class=\"wp-block-file\"><a href=\"https:\/\/support.wspa.pl\/wp-content\/uploads\/2020\/11\/M5T16-Materia\u0142y-warsztatowe-done.docx\">Workshop Materials<br><\/a><a href=\"https:\/\/support.wspa.pl\/wp-content\/uploads\/2020\/11\/M5T16-Materia\u0142y-warsztatowe-done.docx\" class=\"wp-block-file__button\" download>DOWNLOAD<\/a><\/div>\n\n\n\n<div class=\"wp-block-file\"><a href=\"https:\/\/support.wspa.pl\/wp-content\/uploads\/2020\/11\/M5T16A-Materia\u0142y-warsztatowe-za\u0142\u0105cznik-1-done.docx\">Workshop Materials (ad1)<br><\/a><a href=\"https:\/\/support.wspa.pl\/wp-content\/uploads\/2020\/11\/M5T16A-Materia\u0142y-warsztatowe-za\u0142\u0105cznik-1-done.docx\" class=\"wp-block-file__button\" download>DOwnload<\/a><\/div>\n\n\n\n<div class=\"wp-block-file\"><a href=\"https:\/\/support.wspa.pl\/wp-content\/uploads\/2020\/11\/M5T16A-Materia\u0142y-warsztatowe-za\u0142\u0105cznik-2-done.docx\">Workshop Materials (ad2)<br><\/a><a href=\"https:\/\/support.wspa.pl\/wp-content\/uploads\/2020\/11\/M5T16A-Materia\u0142y-warsztatowe-za\u0142\u0105cznik-2-done.docx\" class=\"wp-block-file__button\" download>download<\/a><\/div>\n\n\n\n<div class=\"wp-block-file\"><a href=\"https:\/\/support.wspa.pl\/wp-content\/uploads\/2020\/11\/M5T17-Quiz-done.docx\">Quiz<\/a><a href=\"https:\/\/support.wspa.pl\/wp-content\/uploads\/2020\/11\/M5T17-Quiz-done.docx\" class=\"wp-block-file__button\" download>download<\/a><\/div>\n\n\n\n<p><\/p>\n","protected":false},"excerpt":{"rendered":"","protected":false},"author":1,"featured_media":0,"parent":66,"menu_order":0,"comment_status":"closed","ping_status":"closed","template":"","meta":{"footnotes":""},"_links":{"self":[{"href":"https:\/\/support.wspa.pl\/index.php\/wp-json\/wp\/v2\/pages\/275"}],"collection":[{"href":"https:\/\/support.wspa.pl\/index.php\/wp-json\/wp\/v2\/pages"}],"about":[{"href":"https:\/\/support.wspa.pl\/index.php\/wp-json\/wp\/v2\/types\/page"}],"author":[{"embeddable":true,"href":"https:\/\/support.wspa.pl\/index.php\/wp-json\/wp\/v2\/users\/1"}],"replies":[{"embeddable":true,"href":"https:\/\/support.wspa.pl\/index.php\/wp-json\/wp\/v2\/comments?post=275"}],"version-history":[{"count":1,"href":"https:\/\/support.wspa.pl\/index.php\/wp-json\/wp\/v2\/pages\/275\/revisions"}],"predecessor-version":[{"id":283,"href":"https:\/\/support.wspa.pl\/index.php\/wp-json\/wp\/v2\/pages\/275\/revisions\/283"}],"up":[{"embeddable":true,"href":"https:\/\/support.wspa.pl\/index.php\/wp-json\/wp\/v2\/pages\/66"}],"wp:attachment":[{"href":"https:\/\/support.wspa.pl\/index.php\/wp-json\/wp\/v2\/media?parent=275"}],"curies":[{"name":"wp","href":"https:\/\/api.w.org\/{rel}","templated":true}]}}