{"id":6,"date":"2020-05-29T15:57:41","date_gmt":"2020-05-29T13:57:41","guid":{"rendered":"https:\/\/support.wspa.pl\/?page_id=6"},"modified":"2020-09-10T19:17:08","modified_gmt":"2020-09-10T17:17:08","slug":"o-nas","status":"publish","type":"page","link":"https:\/\/support.wspa.pl\/index.php\/o-nas\/","title":{"rendered":"Consortium"},"content":{"rendered":"\t\t<div data-elementor-type=\"wp-page\" data-elementor-id=\"6\" class=\"elementor elementor-6\" data-elementor-settings=\"[]\">\n\t\t\t\t\t\t<div class=\"elementor-inner\">\n\t\t\t\t\t\t\t<div class=\"elementor-section-wrap\">\n\t\t\t\t\t\t\t<section class=\"elementor-section elementor-top-section elementor-element elementor-element-c04e193 elementor-section-full_width elementor-section-stretched elementor-section-height-default elementor-section-height-default\" data-id=\"c04e193\" data-element_type=\"section\" data-settings=\"{&quot;stretch_section&quot;:&quot;section-stretched&quot;}\">\n\t\t\t\t\t\t<div class=\"elementor-container elementor-column-gap-narrow\">\n\t\t\t\t\t\t\t<div class=\"elementor-row\">\n\t\t\t\t\t<div class=\"elementor-column elementor-col-100 elementor-top-column elementor-element elementor-element-e0da0fd\" data-id=\"e0da0fd\" data-element_type=\"column\">\n\t\t\t<div class=\"elementor-column-wrap elementor-element-populated\">\n\t\t\t\t\t\t\t<div class=\"elementor-widget-wrap\">\n\t\t\t\t\t\t<div class=\"elementor-element elementor-element-58ee16f elementor-widget elementor-widget-heading\" data-id=\"58ee16f\" data-element_type=\"widget\" data-widget_type=\"heading.default\">\n\t\t\t\t<div class=\"elementor-widget-container\">\n\t\t\t<h2 class=\"elementor-heading-title elementor-size-default\"><span style=\"color: rgb(0, 0, 0); font-family: &quot;Open Sans&quot;, sans-serif; font-size: 22px; font-weight: 400; letter-spacing: normal; text-align: start; white-space: normal;\">The project is implemented by 4 Higer Education Institutions:<\/span><\/h2>\t\t<\/div>\n\t\t\t\t<\/div>\n\t\t\t\t\t\t<\/div>\n\t\t\t\t\t<\/div>\n\t\t<\/div>\n\t\t\t\t\t\t\t\t<\/div>\n\t\t\t\t\t<\/div>\n\t\t<\/section>\n\t\t\t\t<section class=\"elementor-section elementor-top-section elementor-element elementor-element-4e209be elementor-section-full_width elementor-section-stretched elementor-section-height-default elementor-section-height-default\" data-id=\"4e209be\" data-element_type=\"section\" data-settings=\"{&quot;stretch_section&quot;:&quot;section-stretched&quot;}\">\n\t\t\t\t\t\t<div class=\"elementor-container elementor-column-gap-default\">\n\t\t\t\t\t\t\t<div class=\"elementor-row\">\n\t\t\t\t\t<div class=\"elementor-column elementor-col-50 elementor-top-column elementor-element elementor-element-9699528\" data-id=\"9699528\" data-element_type=\"column\">\n\t\t\t<div class=\"elementor-column-wrap elementor-element-populated\">\n\t\t\t\t\t\t\t<div class=\"elementor-widget-wrap\">\n\t\t\t\t\t\t<div class=\"elementor-element elementor-element-a32ce43 elementor-widget elementor-widget-image\" data-id=\"a32ce43\" data-element_type=\"widget\" data-widget_type=\"image.default\">\n\t\t\t\t<div class=\"elementor-widget-container\">\n\t\t\t\t\t<div class=\"elementor-image\">\n\t\t\t\t\t\t\t\t\t\t<img loading=\"lazy\" decoding=\"async\" width=\"308\" height=\"164\" src=\"https:\/\/support.wspa.pl\/wp-content\/uploads\/2020\/09\/pobrane.png\" class=\"attachment-medium_large size-medium_large\" alt=\"\" srcset=\"https:\/\/support.wspa.pl\/wp-content\/uploads\/2020\/09\/pobrane.png 308w, https:\/\/support.wspa.pl\/wp-content\/uploads\/2020\/09\/pobrane-300x160.png 300w\" sizes=\"(max-width: 308px) 100vw, 308px\" \/>\t\t\t\t\t\t\t\t\t\t\t<\/div>\n\t\t\t\t<\/div>\n\t\t\t\t<\/div>\n\t\t\t\t<div class=\"elementor-element elementor-element-4817e58 elementor-widget elementor-widget-text-editor\" data-id=\"4817e58\" data-element_type=\"widget\" data-widget_type=\"text-editor.default\">\n\t\t\t\t<div class=\"elementor-widget-container\">\n\t\t\t\t\t<div class=\"elementor-text-editor elementor-clearfix\"><p><span class=\"color_11\">Wy\u017csza Szko\u0142a Przedsi\u0119biorczo\u015bci i Administracji w Lublinie, Poland &#8211; Project Leader<\/span><span class=\"color_11\">, <\/span><\/p><p><span class=\"color_11\">\u00a0<\/span><a href=\"https:\/\/wspa.pl\/\">https:\/\/wspa.pl\/<\/a><\/p><\/div>\n\t\t\t\t<\/div>\n\t\t\t\t<\/div>\n\t\t\t\t\t\t<\/div>\n\t\t\t\t\t<\/div>\n\t\t<\/div>\n\t\t\t\t<div class=\"elementor-column elementor-col-50 elementor-top-column elementor-element elementor-element-cbc6aa2\" data-id=\"cbc6aa2\" data-element_type=\"column\">\n\t\t\t<div class=\"elementor-column-wrap elementor-element-populated\">\n\t\t\t\t\t\t\t<div class=\"elementor-widget-wrap\">\n\t\t\t\t\t\t<div class=\"elementor-element elementor-element-379fcc0 elementor-widget elementor-widget-image\" data-id=\"379fcc0\" data-element_type=\"widget\" data-widget_type=\"image.default\">\n\t\t\t\t<div class=\"elementor-widget-container\">\n\t\t\t\t\t<div class=\"elementor-image\">\n\t\t\t\t\t\t\t\t\t\t<img loading=\"lazy\" decoding=\"async\" width=\"580\" height=\"130\" src=\"https:\/\/support.wspa.pl\/wp-content\/uploads\/2020\/09\/Hochschule_393-768x172.jpg\" class=\"attachment-medium_large size-medium_large\" alt=\"\" srcset=\"https:\/\/support.wspa.pl\/wp-content\/uploads\/2020\/09\/Hochschule_393-768x172.jpg 768w, https:\/\/support.wspa.pl\/wp-content\/uploads\/2020\/09\/Hochschule_393-300x67.jpg 300w, https:\/\/support.wspa.pl\/wp-content\/uploads\/2020\/09\/Hochschule_393-1024x230.jpg 1024w, https:\/\/support.wspa.pl\/wp-content\/uploads\/2020\/09\/Hochschule_393-1536x344.jpg 1536w, https:\/\/support.wspa.pl\/wp-content\/uploads\/2020\/09\/Hochschule_393-2048x459.jpg 2048w, https:\/\/support.wspa.pl\/wp-content\/uploads\/2020\/09\/Hochschule_393-1200x269.jpg 1200w, https:\/\/support.wspa.pl\/wp-content\/uploads\/2020\/09\/Hochschule_393-1980x444.jpg 1980w\" sizes=\"(max-width: 580px) 100vw, 580px\" \/>\t\t\t\t\t\t\t\t\t\t\t<\/div>\n\t\t\t\t<\/div>\n\t\t\t\t<\/div>\n\t\t\t\t<div class=\"elementor-element elementor-element-7dc9cb1 elementor-widget elementor-widget-text-editor\" data-id=\"7dc9cb1\" data-element_type=\"widget\" data-widget_type=\"text-editor.default\">\n\t\t\t\t<div class=\"elementor-widget-container\">\n\t\t\t\t\t<div class=\"elementor-text-editor elementor-clearfix\"><p class=\"font_8\"><span class=\"color_11\">TECHNISCHE HOCHSCHULE DEGGENDORF, Germany\u00a0<\/span><\/p><p class=\"font_8\"><span class=\"color_11\"><a href=\"https:\/\/www.th-deg.de\/de\/studierende\">https:\/\/www.th-deg.de\/de\/studierende<\/a><\/span><\/p><\/div>\n\t\t\t\t<\/div>\n\t\t\t\t<\/div>\n\t\t\t\t\t\t<\/div>\n\t\t\t\t\t<\/div>\n\t\t<\/div>\n\t\t\t\t\t\t\t\t<\/div>\n\t\t\t\t\t<\/div>\n\t\t<\/section>\n\t\t\t\t<section class=\"elementor-section elementor-top-section elementor-element elementor-element-8dd1d59 elementor-section-full_width elementor-section-stretched elementor-section-height-default elementor-section-height-default\" data-id=\"8dd1d59\" data-element_type=\"section\" data-settings=\"{&quot;stretch_section&quot;:&quot;section-stretched&quot;}\">\n\t\t\t\t\t\t<div class=\"elementor-container elementor-column-gap-default\">\n\t\t\t\t\t\t\t<div class=\"elementor-row\">\n\t\t\t\t\t<div class=\"elementor-column elementor-col-50 elementor-top-column elementor-element elementor-element-3185d6d\" data-id=\"3185d6d\" data-element_type=\"column\">\n\t\t\t<div class=\"elementor-column-wrap elementor-element-populated\">\n\t\t\t\t\t\t\t<div class=\"elementor-widget-wrap\">\n\t\t\t\t\t\t<div class=\"elementor-element elementor-element-19844a4 elementor-widget elementor-widget-image\" data-id=\"19844a4\" data-element_type=\"widget\" data-widget_type=\"image.default\">\n\t\t\t\t<div class=\"elementor-widget-container\">\n\t\t\t\t\t<div class=\"elementor-image\">\n\t\t\t\t\t\t\t\t\t\t<img loading=\"lazy\" decoding=\"async\" width=\"300\" height=\"240\" src=\"https:\/\/support.wspa.pl\/wp-content\/uploads\/2020\/09\/ips_ese_logo-300x240.png\" class=\"attachment-medium size-medium\" alt=\"\" srcset=\"https:\/\/support.wspa.pl\/wp-content\/uploads\/2020\/09\/ips_ese_logo-300x240.png 300w, https:\/\/support.wspa.pl\/wp-content\/uploads\/2020\/09\/ips_ese_logo.png 740w\" sizes=\"(max-width: 300px) 100vw, 300px\" \/>\t\t\t\t\t\t\t\t\t\t\t<\/div>\n\t\t\t\t<\/div>\n\t\t\t\t<\/div>\n\t\t\t\t<div class=\"elementor-element elementor-element-4c517af elementor-widget elementor-widget-text-editor\" data-id=\"4c517af\" data-element_type=\"widget\" data-widget_type=\"text-editor.default\">\n\t\t\t\t<div class=\"elementor-widget-container\">\n\t\t\t\t\t<div class=\"elementor-text-editor elementor-clearfix\"><p class=\"font_8\"><span class=\"color_11\">INSTITUTO POLITECNICO DE SETUBAL, Portugal<\/span><\/p><p><a href=\"http:\/\/www.si.ips.pt\/ips_si\/web_page.inicial\">http:\/\/www.si.ips.pt\/ips_si\/web_page.inicial<\/a><\/p><\/div>\n\t\t\t\t<\/div>\n\t\t\t\t<\/div>\n\t\t\t\t\t\t<\/div>\n\t\t\t\t\t<\/div>\n\t\t<\/div>\n\t\t\t\t<div class=\"elementor-column elementor-col-50 elementor-top-column elementor-element elementor-element-086ddd6\" data-id=\"086ddd6\" data-element_type=\"column\">\n\t\t\t<div class=\"elementor-column-wrap elementor-element-populated\">\n\t\t\t\t\t\t\t<div class=\"elementor-widget-wrap\">\n\t\t\t\t\t\t<div class=\"elementor-element elementor-element-4612036 elementor-widget elementor-widget-image\" data-id=\"4612036\" data-element_type=\"widget\" data-widget_type=\"image.default\">\n\t\t\t\t<div class=\"elementor-widget-container\">\n\t\t\t\t\t<div class=\"elementor-image\">\n\t\t\t\t\t\t\t\t\t\t<img loading=\"lazy\" decoding=\"async\" width=\"225\" height=\"224\" src=\"https:\/\/support.wspa.pl\/wp-content\/uploads\/2020\/09\/pobrane.jpg\" class=\"attachment-large size-large\" alt=\"\" srcset=\"https:\/\/support.wspa.pl\/wp-content\/uploads\/2020\/09\/pobrane.jpg 225w, https:\/\/support.wspa.pl\/wp-content\/uploads\/2020\/09\/pobrane-150x150.jpg 150w\" sizes=\"(max-width: 225px) 100vw, 225px\" \/>\t\t\t\t\t\t\t\t\t\t\t<\/div>\n\t\t\t\t<\/div>\n\t\t\t\t<\/div>\n\t\t\t\t<div class=\"elementor-element elementor-element-c79873e elementor-widget elementor-widget-text-editor\" data-id=\"c79873e\" data-element_type=\"widget\" data-widget_type=\"text-editor.default\">\n\t\t\t\t<div class=\"elementor-widget-container\">\n\t\t\t\t\t<div class=\"elementor-text-editor elementor-clearfix\"><p class=\"font_8\">MEDNARODNA FAKULTETA ZA DRUZBENE IN POSLOVNE STUDIJE ZAVOD, Slovenia<\/p><p class=\"font_8\"><a href=\"https:\/\/mfdps.si\/\">https:\/\/mfdps.si\/<\/a><\/p><\/div>\n\t\t\t\t<\/div>\n\t\t\t\t<\/div>\n\t\t\t\t\t\t<\/div>\n\t\t\t\t\t<\/div>\n\t\t<\/div>\n\t\t\t\t\t\t\t\t<\/div>\n\t\t\t\t\t<\/div>\n\t\t<\/section>\n\t\t\t\t\t\t<\/div>\n\t\t\t\t\t\t<\/div>\n\t\t\t\t\t<\/div>\n\t\t","protected":false},"excerpt":{"rendered":"<p>The project is implemented by 4 Higer Education Institutions: Wy\u017csza Szko\u0142a Przedsi\u0119biorczo\u015bci i Administracji w Lublinie, Poland &#8211; Project Leader, \u00a0https:\/\/wspa.pl\/ TECHNISCHE HOCHSCHULE DEGGENDORF, Germany\u00a0 https:\/\/www.th-deg.de\/de\/studierende INSTITUTO POLITECNICO DE SETUBAL, Portugal http:\/\/www.si.ips.pt\/ips_si\/web_page.inicial MEDNARODNA FAKULTETA ZA DRUZBENE IN POSLOVNE STUDIJE ZAVOD, Slovenia https:\/\/mfdps.si\/<\/p>\n","protected":false},"author":1,"featured_media":0,"parent":0,"menu_order":0,"comment_status":"closed","ping_status":"closed","template":"","meta":{"footnotes":""},"_links":{"self":[{"href":"https:\/\/support.wspa.pl\/index.php\/wp-json\/wp\/v2\/pages\/6"}],"collection":[{"href":"https:\/\/support.wspa.pl\/index.php\/wp-json\/wp\/v2\/pages"}],"about":[{"href":"https:\/\/support.wspa.pl\/index.php\/wp-json\/wp\/v2\/types\/page"}],"author":[{"embeddable":true,"href":"https:\/\/support.wspa.pl\/index.php\/wp-json\/wp\/v2\/users\/1"}],"replies":[{"embeddable":true,"href":"https:\/\/support.wspa.pl\/index.php\/wp-json\/wp\/v2\/comments?post=6"}],"version-history":[{"count":6,"href":"https:\/\/support.wspa.pl\/index.php\/wp-json\/wp\/v2\/pages\/6\/revisions"}],"predecessor-version":[{"id":144,"href":"https:\/\/support.wspa.pl\/index.php\/wp-json\/wp\/v2\/pages\/6\/revisions\/144"}],"wp:attachment":[{"href":"https:\/\/support.wspa.pl\/index.php\/wp-json\/wp\/v2\/media?parent=6"}],"curies":[{"name":"wp","href":"https:\/\/api.w.org\/{rel}","templated":true}]}}