{"id":668,"date":"2021-01-06T16:45:47","date_gmt":"2021-01-06T15:45:47","guid":{"rendered":"https:\/\/support.wspa.pl\/?page_id=668"},"modified":"2021-01-13T11:44:49","modified_gmt":"2021-01-13T10:44:49","slug":"gamification-in-education","status":"publish","type":"page","link":"https:\/\/support.wspa.pl\/index.php\/nowe-muzeum-sztuki-nowoczesnej-otwarlo-swoje-powoje\/using-digital-technologies-in-the-process-of-teaching-and-learning\/gamification-in-education\/","title":{"rendered":"Gamification in education"},"content":{"rendered":"\n<figure class=\"wp-block-embed-youtube wp-block-embed is-type-video is-provider-youtube wp-embed-aspect-16-9 wp-has-aspect-ratio\"><div class=\"wp-block-embed__wrapper\">\n<iframe loading=\"lazy\" title=\"Gamifica\u00e7\u00e3o em Educa\u00e7\u00e3o \/ Gamification in Education\" width=\"580\" height=\"326\" src=\"https:\/\/www.youtube.com\/embed\/VaBR6VRJfoI?feature=oembed\" frameborder=\"0\" allow=\"accelerometer; autoplay; clipboard-write; encrypted-media; gyroscope; picture-in-picture; web-share\" referrerpolicy=\"strict-origin-when-cross-origin\" allowfullscreen><\/iframe>\n<\/div><\/figure>\n\n\n\n<div class=\"wp-block-file\"><a href=\"https:\/\/support.wspa.pl\/wp-content\/uploads\/2021\/01\/module-5-topic-3-text.pdf\">Text materials<\/a><a href=\"https:\/\/support.wspa.pl\/wp-content\/uploads\/2021\/01\/module-5-topic-3-text.pdf\" class=\"wp-block-file__button\" download>DOWNLOAD<\/a><\/div>\n\n\n\n<div class=\"wp-block-file\"><a href=\"https:\/\/support.wspa.pl\/wp-content\/uploads\/2021\/01\/module-5-topic-3.pdf\">Presentation<\/a><a href=\"https:\/\/support.wspa.pl\/wp-content\/uploads\/2021\/01\/module-5-topic-3.pdf\" class=\"wp-block-file__button\" download>DOWNLOAD<\/a><\/div>\n\n\n\n<div class=\"wp-block-file\"><a href=\"https:\/\/support.wspa.pl\/wp-content\/uploads\/2021\/01\/module-5-topic-3-quiz.pdf\">Quiz<\/a><a href=\"https:\/\/support.wspa.pl\/wp-content\/uploads\/2021\/01\/module-5-topic-3-quiz.pdf\" class=\"wp-block-file__button\" download>DOWNLOAD<\/a><\/div>\n\n\n\n<p><\/p>\n","protected":false},"excerpt":{"rendered":"","protected":false},"author":1,"featured_media":0,"parent":599,"menu_order":0,"comment_status":"closed","ping_status":"closed","template":"","meta":{"footnotes":""},"_links":{"self":[{"href":"https:\/\/support.wspa.pl\/index.php\/wp-json\/wp\/v2\/pages\/668"}],"collection":[{"href":"https:\/\/support.wspa.pl\/index.php\/wp-json\/wp\/v2\/pages"}],"about":[{"href":"https:\/\/support.wspa.pl\/index.php\/wp-json\/wp\/v2\/types\/page"}],"author":[{"embeddable":true,"href":"https:\/\/support.wspa.pl\/index.php\/wp-json\/wp\/v2\/users\/1"}],"replies":[{"embeddable":true,"href":"https:\/\/support.wspa.pl\/index.php\/wp-json\/wp\/v2\/comments?post=668"}],"version-history":[{"count":2,"href":"https:\/\/support.wspa.pl\/index.php\/wp-json\/wp\/v2\/pages\/668\/revisions"}],"predecessor-version":[{"id":704,"href":"https:\/\/support.wspa.pl\/index.php\/wp-json\/wp\/v2\/pages\/668\/revisions\/704"}],"up":[{"embeddable":true,"href":"https:\/\/support.wspa.pl\/index.php\/wp-json\/wp\/v2\/pages\/599"}],"wp:attachment":[{"href":"https:\/\/support.wspa.pl\/index.php\/wp-json\/wp\/v2\/media?parent=668"}],"curies":[{"name":"wp","href":"https:\/\/api.w.org\/{rel}","templated":true}]}}